{"id":984,"date":"2023-06-30T00:57:05","date_gmt":"2023-06-29T22:57:05","guid":{"rendered":"https:\/\/www.kienzl.net\/blog\/?page_id=984"},"modified":"2024-12-10T18:47:34","modified_gmt":"2024-12-10T17:47:34","slug":"vita","status":"publish","type":"page","link":"https:\/\/www.kienzl.net\/blog\/vita\/","title":{"rendered":"Vita"},"content":{"rendered":"\n<p>1951 geboren in St.P\u00f6lten,<br \/>lebt und arbeitet in St.P\u00f6lten N\u00d6, Wien und Freistadt O\u00d6.<br \/>Verheiratet mit Renate Kienzl, 2 Kinder (Johanna, Matthias \u2020)<\/p>\n\n\n\n<p>\u2022&nbsp;<strong>Studium<\/strong>&nbsp;an der Universit\u00e4t Wien &#8211; Volkswirtschaftslehre -(Mag.rer.soc.oec.)<br \/>\u2022&nbsp;<strong>Studium<\/strong>&nbsp;an der Hochschule f\u00fcr Angewandte Kunst in Wien<br \/>(Mkl. Tasquil, Bazon Brock, Cermak) &#8211; (Mag. art.)<\/p>\n\n\n\n<p><br \/>\u2022&nbsp;<strong>Lehrt\u00e4tigkeit<\/strong>:<br \/>AHS &#8211; Priv. Gymnasium der Engl. Fr\u00e4ulein in St.P\u00f6lten (1979-2012)<br \/>P\u00e4dagogische Akademie der Di\u00f6zese St.P\u00f6lten in Krems (1991-2005)<\/p>\n\n\n\n<p>\u2022\u00a0<strong>Vereinigungen:<\/strong><br \/>Mitglied des St. P\u00f6ltner K\u00fcnstlerbundes seit 1976<br \/>(2006 Gesch\u00e4ftsf\u00fchrender Obmann, 2007-2024 Obmann)<br \/>Mitglied der IG Bildende Kunst (seit 2005)<br \/>Seit 1995 Vizepr\u00e4sident des\u00a0<a href=\"http:\/\/www.noedok.at\/\" target=\"_blank\" rel=\"noreferrer noopener\">Landesverbandes der N\u00d6. Kunstvereine<\/a><\/p>\n\n\n\n<p>\u2022&nbsp;<strong>F\u00f6rderungspreis der Landeshauptstadt St.P\u00f6lten<\/strong>&nbsp;f\u00fcr Kunst und Wissenschaft, 2001<\/p>\n\n\n\n<p>\u2022&nbsp;<strong>Adolf Peschek-Preis der Jury<\/strong>, 2016<\/p>\n\n\n\n<p>\u2022&nbsp;<strong>Prandtauerpreis der Landeshauptstadt St.P\u00f6lten<\/strong>&nbsp;f\u00fcr Kunst und Wissenschaft, 2019<\/p>\n\n\n\n<p>\u2022&nbsp;<strong>Goldenes Ehrenzeichen f\u00fcr Verdienste um das Bundesland Nieder\u00f6sterreich<\/strong>, 2022<\/p>\n\n\n\n<p>\u2022&nbsp;<strong>Kurator zahlreicher Ausstellungen<\/strong>&nbsp;(vor allem im&nbsp;<a href=\"http:\/\/www.noedok.at\/\" target=\"_blank\" rel=\"noreferrer noopener\">N\u00d6 Dokumentationszentrum f\u00fcr moderne Kunst<\/a>, sowie im&nbsp;<a href=\"http:\/\/www.stpoeltnerkuenstlerbund.at\/kunstwerk\" target=\"_blank\" rel=\"noreferrer noopener\">KUNST:WERK<\/a>)<\/p>\n\n\n\n<p><a href=\"https:\/\/www.kienzl.net\/2019\/katalog-found_abstracts_cracks-web.pdf\">Download: Katalog found abstracts (cracks)<\/a><\/p>\n","protected":false},"excerpt":{"rendered":"<p>1951 geboren in St.P\u00f6lten,lebt und arbeitet in St.P\u00f6lten N\u00d6, Wien und Freistadt O\u00d6.Verheiratet mit Renate Kienzl, 2 Kinder (Johanna, Matthias \u2020) \u2022&nbsp;Studium&nbsp;an der Universit\u00e4t Wien &#8211; Volkswirtschaftslehre -(Mag.rer.soc.oec.)\u2022&nbsp;Studium&nbsp;an der Hochschule f\u00fcr Angewandte Kunst in Wien(Mkl. Tasquil, Bazon Brock, Cermak) &#8211; (Mag. art.) \u2022&nbsp;Lehrt\u00e4tigkeit:AHS &#8211; Priv. Gymnasium der Engl. Fr\u00e4ulein in St.P\u00f6lten (1979-2012)P\u00e4dagogische Akademie der Di\u00f6zese [&hellip;]<\/p>\n","protected":false},"author":5,"featured_media":0,"parent":0,"menu_order":0,"comment_status":"closed","ping_status":"closed","template":"","meta":{"footnotes":""},"class_list":["post-984","page","type-page","status-publish","hentry"],"_links":{"self":[{"href":"https:\/\/www.kienzl.net\/blog\/wp-json\/wp\/v2\/pages\/984","targetHints":{"allow":["GET"]}}],"collection":[{"href":"https:\/\/www.kienzl.net\/blog\/wp-json\/wp\/v2\/pages"}],"about":[{"href":"https:\/\/www.kienzl.net\/blog\/wp-json\/wp\/v2\/types\/page"}],"author":[{"embeddable":true,"href":"https:\/\/www.kienzl.net\/blog\/wp-json\/wp\/v2\/users\/5"}],"replies":[{"embeddable":true,"href":"https:\/\/www.kienzl.net\/blog\/wp-json\/wp\/v2\/comments?post=984"}],"version-history":[{"count":4,"href":"https:\/\/www.kienzl.net\/blog\/wp-json\/wp\/v2\/pages\/984\/revisions"}],"predecessor-version":[{"id":1339,"href":"https:\/\/www.kienzl.net\/blog\/wp-json\/wp\/v2\/pages\/984\/revisions\/1339"}],"wp:attachment":[{"href":"https:\/\/www.kienzl.net\/blog\/wp-json\/wp\/v2\/media?parent=984"}],"curies":[{"name":"wp","href":"https:\/\/api.w.org\/{rel}","templated":true}]}}