{"id":967,"date":"2022-12-13T18:37:20","date_gmt":"2022-12-13T17:37:20","guid":{"rendered":"http:\/\/www.kienzl.net\/blog\/?page_id=967"},"modified":"2024-12-10T18:39:32","modified_gmt":"2024-12-10T17:39:32","slug":"impressum","status":"publish","type":"page","link":"https:\/\/www.kienzl.net\/blog\/impressum\/","title":{"rendered":"Impressum"},"content":{"rendered":"\n<p>Medieninhaber<\/p>\n\n\n\n<p>Ernest A. Kienzl<\/p>\n\n\n\n<p>Urbanstra\u00dfe 16<br \/>3100 St. P\u00f6lten<br \/>\u00d6sterreich<\/p>\n\n\n\n<p>+43 676 455 25 70<\/p>\n\n\n\n<p>ernest[a]kienzl.net<\/p>\n\n\n\n<p>Texte auf der Webseite (c) Ernest A. Kienzl. Sollte dies anders sein sind die Texte\/Zitate\/Quellen dementsprechend angef\u00fchrt.<\/p>\n\n\n\n<p>Das Copyright der Abbildungen obliegt Bildrecht Wien und Ernest A. Kienzl. Ausnahmen sind wiederum dementsprechend angef\u00fchrt.<\/p>\n\n\n\n<p>DIe Inhalte und Abbildungen auf dieser Webseite sind urheberrechtlich gesch\u00fctzt.<\/p>\n\n\n\n<p>Die vollst\u00e4ndige odr teilweise Vervielf\u00e4ltigung, Verbreitung, Modifizierung oder Benutzung der Inhalte dieser Seite zu privaten, \u00f6ffentlichen<\/p>\n\n\n\n<p>oder kommerziellen Zwecken bedarf der vorherigen schriftlichen Zustimmung des Seiteninhabers\/Urhebers.<\/p>\n\n\n\n<p>Haftungshinweis<\/p>\n","protected":false},"excerpt":{"rendered":"<p>Medieninhaber Ernest A. Kienzl Urbanstra\u00dfe 163100 St. P\u00f6lten\u00d6sterreich +43 676 455 25 70 ernest[a]kienzl.net Texte auf der Webseite (c) Ernest A. Kienzl. Sollte dies anders sein sind die Texte\/Zitate\/Quellen dementsprechend angef\u00fchrt. Das Copyright der Abbildungen obliegt Bildrecht Wien und Ernest A. Kienzl. Ausnahmen sind wiederum dementsprechend angef\u00fchrt. DIe Inhalte und Abbildungen auf dieser Webseite sind [&hellip;]<\/p>\n","protected":false},"author":5,"featured_media":0,"parent":0,"menu_order":0,"comment_status":"closed","ping_status":"closed","template":"","meta":{"footnotes":""},"class_list":["post-967","page","type-page","status-publish","hentry"],"_links":{"self":[{"href":"https:\/\/www.kienzl.net\/blog\/wp-json\/wp\/v2\/pages\/967","targetHints":{"allow":["GET"]}}],"collection":[{"href":"https:\/\/www.kienzl.net\/blog\/wp-json\/wp\/v2\/pages"}],"about":[{"href":"https:\/\/www.kienzl.net\/blog\/wp-json\/wp\/v2\/types\/page"}],"author":[{"embeddable":true,"href":"https:\/\/www.kienzl.net\/blog\/wp-json\/wp\/v2\/users\/5"}],"replies":[{"embeddable":true,"href":"https:\/\/www.kienzl.net\/blog\/wp-json\/wp\/v2\/comments?post=967"}],"version-history":[{"count":2,"href":"https:\/\/www.kienzl.net\/blog\/wp-json\/wp\/v2\/pages\/967\/revisions"}],"predecessor-version":[{"id":996,"href":"https:\/\/www.kienzl.net\/blog\/wp-json\/wp\/v2\/pages\/967\/revisions\/996"}],"wp:attachment":[{"href":"https:\/\/www.kienzl.net\/blog\/wp-json\/wp\/v2\/media?parent=967"}],"curies":[{"name":"wp","href":"https:\/\/api.w.org\/{rel}","templated":true}]}}