{"id":926,"date":"2024-11-11T00:02:00","date_gmt":"2024-11-10T23:02:00","guid":{"rendered":"http:\/\/www.kienzl.net\/blog\/?page_id=926"},"modified":"2025-06-15T18:35:13","modified_gmt":"2025-06-15T16:35:13","slug":"startseite","status":"publish","type":"page","link":"https:\/\/www.kienzl.net\/blog\/startseite\/","title":{"rendered":"Ernest A. Kienzl"},"content":{"rendered":"\n<figure class=\"wp-block-gallery alignwide has-nested-images columns-default is-cropped wp-block-gallery-2 is-layout-flex wp-block-gallery-is-layout-flex\">\n<figure class=\"wp-block-image size-full has-custom-border\"><img loading=\"lazy\" decoding=\"async\" width=\"2000\" height=\"1341\" data-id=\"1508\" src=\"https:\/\/www.kienzl.net\/blog\/wp-content\/uploads\/2024\/11\/M23_3270-Kopie-web-2000.jpg\" alt=\"\" class=\"wp-image-1508\" style=\"border-style:none;border-width:0px;border-radius:20px\" srcset=\"https:\/\/www.kienzl.net\/blog\/wp-content\/uploads\/2024\/11\/M23_3270-Kopie-web-2000.jpg 2000w, https:\/\/www.kienzl.net\/blog\/wp-content\/uploads\/2024\/11\/M23_3270-Kopie-web-2000-300x201.jpg 300w, https:\/\/www.kienzl.net\/blog\/wp-content\/uploads\/2024\/11\/M23_3270-Kopie-web-2000-768x515.jpg 768w, https:\/\/www.kienzl.net\/blog\/wp-content\/uploads\/2024\/11\/M23_3270-Kopie-web-2000-1536x1030.jpg 1536w\" sizes=\"auto, (max-width: 2000px) 100vw, 2000px\" \/><figcaption class=\"wp-element-caption\">Ernest A. Kienzl vor einem Teil seiner Pr\u00e4sentation in der 78. Jahresausstellung des St. P\u00f6ltner K\u00fcnstlerbundes im Stadtmuseum St. P\u00f6lten<br \/>Foto: Wolfgang Mayer<\/figcaption><\/figure>\n\n\n\n<figure class=\"wp-block-image size-full has-custom-border\"><img loading=\"lazy\" decoding=\"async\" width=\"2400\" height=\"1692\" data-id=\"1362\" src=\"https:\/\/www.kienzl.net\/blog\/wp-content\/uploads\/2024\/07\/M22_5098-copy-web2400-1.jpg\" alt=\"Ernest A. Kienzl vor seiner Pr\u00e4sentation in der 77. Jahresausstellung des St. P\u00f6ltner K\u00fcnstlerbundes 2023 im Stadtmuseum St. P\u00f6lten\" class=\"wp-image-1362\" style=\"border-style:none;border-width:0px;border-radius:20px\" srcset=\"https:\/\/www.kienzl.net\/blog\/wp-content\/uploads\/2024\/07\/M22_5098-copy-web2400-1.jpg 2400w, https:\/\/www.kienzl.net\/blog\/wp-content\/uploads\/2024\/07\/M22_5098-copy-web2400-1-300x212.jpg 300w, https:\/\/www.kienzl.net\/blog\/wp-content\/uploads\/2024\/07\/M22_5098-copy-web2400-1-2000x1410.jpg 2000w, https:\/\/www.kienzl.net\/blog\/wp-content\/uploads\/2024\/07\/M22_5098-copy-web2400-1-768x541.jpg 768w, https:\/\/www.kienzl.net\/blog\/wp-content\/uploads\/2024\/07\/M22_5098-copy-web2400-1-1536x1083.jpg 1536w, https:\/\/www.kienzl.net\/blog\/wp-content\/uploads\/2024\/07\/M22_5098-copy-web2400-1-2048x1444.jpg 2048w\" sizes=\"auto, (max-width: 2400px) 100vw, 2400px\" \/><figcaption class=\"wp-element-caption\">Ernest A. Kienzl vor seiner Pr\u00e4sentation in der 77. Jahresausstellung des St. P\u00f6ltner K\u00fcnstlerbundes 2023 im Stadtmuseum St. P\u00f6lten<br \/>Foto: Wolfgang Mayer<\/figcaption><\/figure>\n\n\n\n<figure class=\"wp-block-image size-full has-custom-border\"><img loading=\"lazy\" decoding=\"async\" width=\"2560\" height=\"1196\" data-id=\"1108\" src=\"https:\/\/www.kienzl.net\/blog\/wp-content\/uploads\/2023\/06\/20221010_170148-scaled.jpg\" alt=\"Ernest A. Kienzl im Bild (Hinterglasmalerei)\" class=\"wp-image-1108\" style=\"border-radius:20px\" srcset=\"https:\/\/www.kienzl.net\/blog\/wp-content\/uploads\/2023\/06\/20221010_170148-scaled.jpg 2560w, https:\/\/www.kienzl.net\/blog\/wp-content\/uploads\/2023\/06\/20221010_170148-300x140.jpg 300w, https:\/\/www.kienzl.net\/blog\/wp-content\/uploads\/2023\/06\/20221010_170148-2000x934.jpg 2000w, https:\/\/www.kienzl.net\/blog\/wp-content\/uploads\/2023\/06\/20221010_170148-768x359.jpg 768w, https:\/\/www.kienzl.net\/blog\/wp-content\/uploads\/2023\/06\/20221010_170148-1536x717.jpg 1536w, https:\/\/www.kienzl.net\/blog\/wp-content\/uploads\/2023\/06\/20221010_170148-2048x956.jpg 2048w\" sizes=\"auto, (max-width: 2560px) 100vw, 2560px\" \/><figcaption class=\"wp-element-caption\">Ernest A. Kienzl im Bild (Hinterglasmalerei)<br \/>Foto: Ernest A. Kienzl<br \/><br \/><\/figcaption><\/figure>\n\n\n\n<figure class=\"wp-block-image size-full has-custom-border\"><img loading=\"lazy\" decoding=\"async\" width=\"2273\" height=\"1616\" data-id=\"998\" src=\"https:\/\/www.kienzl.net\/blog\/wp-content\/uploads\/2023\/05\/20221011_120954-freigestellt.jpg\" alt=\"Ernest A. Kienzl, Aus der Serie Found abstracts-Palms FA_Palm 1_blau_gr\u00fcn, 2022 Acryl \/ Bw., 100x140\" class=\"wp-image-998\" style=\"border-radius:20px\" srcset=\"https:\/\/www.kienzl.net\/blog\/wp-content\/uploads\/2023\/05\/20221011_120954-freigestellt.jpg 2273w, https:\/\/www.kienzl.net\/blog\/wp-content\/uploads\/2023\/05\/20221011_120954-freigestellt-300x213.jpg 300w, https:\/\/www.kienzl.net\/blog\/wp-content\/uploads\/2023\/05\/20221011_120954-freigestellt-2000x1422.jpg 2000w, https:\/\/www.kienzl.net\/blog\/wp-content\/uploads\/2023\/05\/20221011_120954-freigestellt-768x546.jpg 768w, https:\/\/www.kienzl.net\/blog\/wp-content\/uploads\/2023\/05\/20221011_120954-freigestellt-1536x1092.jpg 1536w, https:\/\/www.kienzl.net\/blog\/wp-content\/uploads\/2023\/05\/20221011_120954-freigestellt-2048x1456.jpg 2048w\" sizes=\"auto, (max-width: 2273px) 100vw, 2273px\" \/><figcaption class=\"wp-element-caption\">Ernest A. Kienzl, Aus der Serie Found abstracts-Palms\t\t<br \/>FA_Palm 1_blau_gr\u00fcn, 2022<br \/>\tAcryl \/ Bw., 100&#215;140<br \/><br \/><\/figcaption><\/figure>\n<\/figure>\n\n\n\n<div style=\"height:50px\" aria-hidden=\"true\" class=\"wp-block-spacer\"><\/div>\n\n\n\n<figure class=\"wp-block-embed alignwide is-type-video is-provider-youtube wp-block-embed-youtube wp-embed-aspect-16-9 wp-has-aspect-ratio\"><div class=\"wp-block-embed__wrapper\">\n<iframe loading=\"lazy\" title=\"Ernest A. Kienzl \u2013 ein Leben f\u00fcr die Kunst\" width=\"500\" height=\"281\" src=\"https:\/\/www.youtube.com\/embed\/fpFgA5vea5o?feature=oembed\" frameborder=\"0\" allow=\"accelerometer; autoplay; clipboard-write; encrypted-media; gyroscope; picture-in-picture; web-share\" referrerpolicy=\"strict-origin-when-cross-origin\" allowfullscreen><\/iframe>\n<\/div><figcaption class=\"wp-element-caption\">Video von P3Tv, ausgestrahlt am 10.02.2023<\/figcaption><\/figure>\n\n\n\n<p><em><a href=\"https:\/\/www.kienzl.net\">Link zur Homepage bis 2022<\/a><\/em><\/p>\n\n\n\n<p><\/p>\n","protected":false},"excerpt":{"rendered":"<p>Link zur Homepage bis 2022<\/p>\n","protected":false},"author":5,"featured_media":0,"parent":0,"menu_order":0,"comment_status":"closed","ping_status":"closed","template":"","meta":{"footnotes":""},"class_list":["post-926","page","type-page","status-publish","hentry"],"_links":{"self":[{"href":"https:\/\/www.kienzl.net\/blog\/wp-json\/wp\/v2\/pages\/926","targetHints":{"allow":["GET"]}}],"collection":[{"href":"https:\/\/www.kienzl.net\/blog\/wp-json\/wp\/v2\/pages"}],"about":[{"href":"https:\/\/www.kienzl.net\/blog\/wp-json\/wp\/v2\/types\/page"}],"author":[{"embeddable":true,"href":"https:\/\/www.kienzl.net\/blog\/wp-json\/wp\/v2\/users\/5"}],"replies":[{"embeddable":true,"href":"https:\/\/www.kienzl.net\/blog\/wp-json\/wp\/v2\/comments?post=926"}],"version-history":[{"count":43,"href":"https:\/\/www.kienzl.net\/blog\/wp-json\/wp\/v2\/pages\/926\/revisions"}],"predecessor-version":[{"id":1780,"href":"https:\/\/www.kienzl.net\/blog\/wp-json\/wp\/v2\/pages\/926\/revisions\/1780"}],"wp:attachment":[{"href":"https:\/\/www.kienzl.net\/blog\/wp-json\/wp\/v2\/media?parent=926"}],"curies":[{"name":"wp","href":"https:\/\/api.w.org\/{rel}","templated":true}]}}