{"id":1007,"date":"2023-05-20T01:15:12","date_gmt":"2023-05-19T23:15:12","guid":{"rendered":"https:\/\/www.kienzl.net\/blog\/?page_id=1007"},"modified":"2025-03-21T18:15:50","modified_gmt":"2025-03-21T17:15:50","slug":"publikationen","status":"publish","type":"page","link":"https:\/\/www.kienzl.net\/blog\/publikationen\/","title":{"rendered":"Publikationen"},"content":{"rendered":"\n<p class=\"has-medium-font-size\"><strong>Kataloge<\/strong><\/p>\n\n\n\n<ul class=\"wp-block-list\">\n<li><a href=\"https:\/\/heyzine.com\/flip-book\/55d34eba2d.html\" data-type=\"URL\" data-id=\"https:\/\/heyzine.com\/flip-book\/55d34eba2d.html\">Ernest A. Kienzl, <em><strong>found abstracts (cracks),<\/strong><\/em> 2019<\/a><\/li>\n\n\n\n<li>Ernest A. Kienzl:&nbsp;<strong><a href=\"https:\/\/www.basis-wien.at\/db\/object\/138769\">Zeichen und Figuren \/ signs and figures<\/a><\/strong>. 2016<\/li>\n\n\n\n<li>Ernest A. Kienzl:&nbsp;<strong><a href=\"https:\/\/www.basis-wien.at\/db\/object\/3801\">Weg. Installation von Ernest A. Kienzl<\/a><\/strong>. 1991<\/li>\n<\/ul>\n\n\n\n<p class=\"has-medium-font-size\"><strong>Texte<\/strong><\/p>\n\n\n\n<ul class=\"wp-block-list\">\n<li>Ernest A. Kienzl:&nbsp;<strong><a href=\"https:\/\/www.basis-wien.at\/db\/object\/150972\">Aus der Sicht des Obmanns, &#8230; eine Zwischenbilanz<\/a><\/strong>.<br \/>in: St. P\u00f6ltner K\u00fcnstlerbund 1946 bis 2021. 75 Jahre St. P\u00f6ltner K\u00fcnstlerbund. &#8230;eine Zwischenbilanz<em>&nbsp;&#8211; Urheberschaft<\/em><\/li>\n\n\n\n<li>Ernest A. Kienzl:&nbsp;<strong><a href=\"https:\/\/www.basis-wien.at\/db\/object\/138861\">Aus der Sicht des Obmanns, 2006-2016 &#8230; und Aspekte f\u00fcr die Zukunft<\/a><\/strong>.<br \/>in: St. P\u00f6ltner K\u00fcnstlerbund 1946 bis 2016. 70 Jahre St. P\u00f6ltner K\u00fcnstlerbund. &#8230; die letzten zehn Jahre<em>&nbsp;&#8211; Urheberschaft<\/em><\/li>\n<\/ul>\n\n\n\n<p class=\"has-medium-font-size\"><strong>Erw\u00e4hnungen<\/strong><\/p>\n\n\n\n<ul class=\"wp-block-list\">\n<li><strong>Nell\u00b4eco dell\u00b4altro<\/strong>, 2024, Katalog anl\u00e4sslich der Ausstellung <em>Nell\u00b4eco dell\u00b4altro<\/em>\u00a0in der Galerie Cult in Alghero und dem gleichnamigen Symposion in Bosa &#8211; Erw\u00e4hnung<\/li>\n\n\n\n<li><strong><a href=\"https:\/\/www.basis-wien.at\/db\/object\/150967\">St. P\u00f6ltner K\u00fcnstlerbund 1946 bis 2021. 75 Jahre St. P\u00f6ltner K\u00fcnstlerbund. &#8230;eine Zwischenbilanz<\/a><\/strong>. 2021<em>\u00a0&#8211; Erw\u00e4hnung<\/em><\/li>\n\n\n\n<li><strong><a href=\"https:\/\/www.basis-wien.at\/db\/object\/150970\">Die Stadt und ihr Kunstverein. Zum 75. Geburtstag des St. P\u00f6ltner K\u00fcnstlerbundes<\/a><\/strong>. in: St. P\u00f6ltner K\u00fcnstlerbund 1946 bis 2021. 75 Jahre St. P\u00f6ltner K\u00fcnstlerbund. &#8230;eine Zwischenbilanz. 2021<em>&nbsp;&#8211; Erw\u00e4hnung<\/em><\/li>\n\n\n\n<li><strong><a href=\"https:\/\/www.basis-wien.at\/db\/object\/137530\">Neighbourhood Report. 12 Positionen aus Nieder\u00f6sterreich<\/a><\/strong>. 2018<em>&nbsp;&#8211; Erw\u00e4hnung<\/em><\/li>\n\n\n\n<li>Carl Aigner:&nbsp;<strong><a href=\"https:\/\/www.basis-wien.at\/db\/object\/138638\">Findungen und Transformationen. Zur Refiguration des Gestischen in den rezenten Werken von Ernest A. Kienzl<\/a><\/strong>. in: Ernest A. Kienzl. found abstracts (cracks)<em>&nbsp;&#8211; Erw\u00e4hnung<\/em><\/li>\n\n\n\n<li><strong><a href=\"https:\/\/www.basis-wien.at\/db\/object\/138829\">St. P\u00f6ltner K\u00fcnstlerbund 1946 bis 2016. 70 Jahre St. P\u00f6ltner K\u00fcnstlerbund. &#8230; die letzten zehn Jahre<\/a><\/strong>. 2016<em>&nbsp;&#8211; Erw\u00e4hnung<\/em><\/li>\n\n\n\n<li>Hartwig Knack:&nbsp;<strong><a href=\"https:\/\/www.basis-wien.at\/db\/object\/138771\">Dynamische Zeichen \/ Dynamic signs<\/a><\/strong>. in: Ernest A. Kienzl. signs and figures<em>&nbsp;&#8211; Erw\u00e4hnung<\/em><\/li>\n\n\n\n<li><strong><a href=\"https:\/\/www.basis-wien.at\/db\/object\/147992\">25 Jahre Unverdrossen. Freundeskreis Kunstverein S\u00fcd Ost<\/a><\/strong>. 2015<em>&nbsp;&#8211; Erw\u00e4hnung<\/em><\/li>\n\n\n\n<li><strong>Weil Kunst entsteht<\/strong>, Seite 135, ISBN 978-3-7017-3349-1, Residenzverlag 2014<\/li>\n\n\n\n<li><strong><a href=\"https:\/\/www.basis-wien.at\/db\/object\/138824\">St. P\u00f6ltner K\u00fcnstlerbund 1946 bis 2006. 60 Jahre St. P\u00f6ltner K\u00fcnstlerbund<\/a><\/strong>. 2006<em>&nbsp;&#8211; Erw\u00e4hnung<\/em><\/li>\n<\/ul>\n\n\n\n<ul class=\"wp-block-list\">\n<li><\/li>\n<\/ul>\n\n\n\n<p><\/p>\n","protected":false},"excerpt":{"rendered":"<p>Kataloge Texte Erw\u00e4hnungen<\/p>\n","protected":false},"author":5,"featured_media":0,"parent":0,"menu_order":0,"comment_status":"closed","ping_status":"closed","template":"","meta":{"footnotes":""},"class_list":["post-1007","page","type-page","status-publish","hentry"],"_links":{"self":[{"href":"https:\/\/www.kienzl.net\/blog\/wp-json\/wp\/v2\/pages\/1007","targetHints":{"allow":["GET"]}}],"collection":[{"href":"https:\/\/www.kienzl.net\/blog\/wp-json\/wp\/v2\/pages"}],"about":[{"href":"https:\/\/www.kienzl.net\/blog\/wp-json\/wp\/v2\/types\/page"}],"author":[{"embeddable":true,"href":"https:\/\/www.kienzl.net\/blog\/wp-json\/wp\/v2\/users\/5"}],"replies":[{"embeddable":true,"href":"https:\/\/www.kienzl.net\/blog\/wp-json\/wp\/v2\/comments?post=1007"}],"version-history":[{"count":14,"href":"https:\/\/www.kienzl.net\/blog\/wp-json\/wp\/v2\/pages\/1007\/revisions"}],"predecessor-version":[{"id":1736,"href":"https:\/\/www.kienzl.net\/blog\/wp-json\/wp\/v2\/pages\/1007\/revisions\/1736"}],"wp:attachment":[{"href":"https:\/\/www.kienzl.net\/blog\/wp-json\/wp\/v2\/media?parent=1007"}],"curies":[{"name":"wp","href":"https:\/\/api.w.org\/{rel}","templated":true}]}}